{"id":10,"date":"2021-03-03T13:28:19","date_gmt":"2021-03-03T12:28:19","guid":{"rendered":"https:\/\/restaurantshop.eazy.sk\/?page_id=10"},"modified":"2021-03-03T13:28:19","modified_gmt":"2021-03-03T12:28:19","slug":"my-account","status":"publish","type":"page","link":"https:\/\/slovenskejedlo.sk\/?page_id=10","title":{"rendered":"My account"},"content":{"rendered":"<div class=\"woocommerce\"><div class=\"woocommerce-notices-wrapper\"><\/div>\t\t<div class=\"woocommerce-account-form\">\n\t\t\t<div class=\"account-heading-tab text-center\">\n\t\t\t\t<a class=\"#\" data-target=\".u-column1\" class=\"active\">Login<\/a>\n\t\t\t\t<a class=\"#\" data-target=\".u-column2\">Register<\/a>\n\t\t\t<\/div>\n\t\n\n<div class=\"u-columns col2-set\" id=\"customer_login\">\n\n\t<div class=\"u-column1 col-1\">\n\n\n\t\t<h2>Prihl\u00e1senie<\/h2>\n\n\t\t<form class=\"woocommerce-form woocommerce-form-login login\" method=\"post\">\n\n\t\t\t\n\t\t\t<p class=\"woocommerce-form-row woocommerce-form-row--wide form-row form-row-wide\">\n\t\t\t\t<label for=\"username\">Pou\u017e\u00edvate\u013esk\u00e9 meno alebo e-mailov\u00e1 adresa&nbsp;<span class=\"required\">*<\/span><\/label>\n\t\t\t\t<input type=\"text\" class=\"woocommerce-Input woocommerce-Input--text input-text\" name=\"username\" id=\"username\" autocomplete=\"username\" value=\"\" \/>\t\t\t<\/p>\n\t\t\t<p class=\"woocommerce-form-row woocommerce-form-row--wide form-row form-row-wide\">\n\t\t\t\t<label for=\"password\">Heslo&nbsp;<span class=\"required\">*<\/span><\/label>\n\t\t\t\t<input class=\"woocommerce-Input woocommerce-Input--text input-text\" type=\"password\" name=\"password\" id=\"password\" autocomplete=\"current-password\" \/>\n\t\t\t<\/p>\n\n\t\t\t\n\t\t\t<p class=\"form-row\">\n\t\t\t\t<label class=\"woocommerce-form__label woocommerce-form__label-for-checkbox woocommerce-form-login__rememberme\">\n\t\t\t\t\t<input class=\"woocommerce-form__input woocommerce-form__input-checkbox\" name=\"rememberme\" type=\"checkbox\" id=\"rememberme\" value=\"forever\" \/> <span>Zapam\u00e4ta\u0165 si ma<\/span>\n\t\t\t\t<\/label>\n\t\t\t\t<input type=\"hidden\" id=\"woocommerce-login-nonce\" name=\"woocommerce-login-nonce\" value=\"9d256644df\" \/><input type=\"hidden\" name=\"_wp_http_referer\" value=\"\/index.php?rest_route=%2Fwp%2Fv2%2Fpages%2F10\" \/>\t\t\t\t<button type=\"submit\" class=\"woocommerce-button button woocommerce-form-login__submit\" name=\"login\" value=\"Prihl\u00e1si\u0165\">Prihl\u00e1si\u0165<\/button>\n\t\t\t<\/p>\n\t\t\t<p class=\"woocommerce-LostPassword lost_password\">\n\t\t\t\t<a href=\"https:\/\/slovenskejedlo.sk\/?page_id=10&#038;lost-password\">Stratili ste heslo?<\/a>\n\t\t\t<\/p>\n\n\t\t\t\n\t\t<\/form>\n\n\n\t<\/div>\n\n\t<div class=\"u-column2 col-2\">\n\n\t\t<h2>Registrova\u0165 sa<\/h2>\n\n\t\t<form method=\"post\" class=\"woocommerce-form woocommerce-form-register register\"  >\n\n\t\t\t\n\t\t\t\n\t\t\t<p class=\"woocommerce-form-row woocommerce-form-row--wide form-row form-row-wide\">\n\t\t\t\t<label for=\"reg_email\">E-mailov\u00e1 adresa&nbsp;<span class=\"required\">*<\/span><\/label>\n\t\t\t\t<input type=\"email\" class=\"woocommerce-Input woocommerce-Input--text input-text\" name=\"email\" id=\"reg_email\" autocomplete=\"email\" value=\"\" \/>\t\t\t<\/p>\n\n\t\t\t\n\t\t\t\t<p class=\"woocommerce-form-row woocommerce-form-row--wide form-row form-row-wide\">\n\t\t\t\t\t<label for=\"reg_password\">Heslo&nbsp;<span class=\"required\">*<\/span><\/label>\n\t\t\t\t\t<input type=\"password\" class=\"woocommerce-Input woocommerce-Input--text input-text\" name=\"password\" id=\"reg_password\" autocomplete=\"new-password\" \/>\n\t\t\t\t<\/p>\n\n\t\t\t\n\t\t\t<div class=\"woocommerce-privacy-policy-text\"><p>Your personal data will be used to support your experience throughout this website, to manage access to your account, and for other purposes described in our <a href=\"https:\/\/slovenskejedlo.sk\/?page_id=3\" class=\"woocommerce-privacy-policy-link\" target=\"_blank\">pravidl\u00e1 ochrany s\u00fakromia<\/a>.<\/p>\n<\/div>\n\t\t\t<p class=\"woocommerce-form-row form-row\">\n\t\t\t\t<input type=\"hidden\" id=\"woocommerce-register-nonce\" name=\"woocommerce-register-nonce\" value=\"d82fa00003\" \/><input type=\"hidden\" name=\"_wp_http_referer\" value=\"\/index.php?rest_route=%2Fwp%2Fv2%2Fpages%2F10\" \/>\t\t\t\t<button type=\"submit\" class=\"woocommerce-Button woocommerce-button button woocommerce-form-register__submit\" name=\"register\" value=\"Registrova\u0165 sa\">Registrova\u0165 sa<\/button>\n\t\t\t<\/p>\n\n\t\t\t\n\t\t<\/form>\n\n\t<\/div>\n\n<\/div>\n\n\t<\/div>\t<\/div>\n","protected":false},"excerpt":{"rendered":"\n<p><a class=\"btn btn-primary foodo-read-more-link\" href=\"https:\/\/slovenskejedlo.sk\/?page_id=10\">Read More&#8230;<\/a><\/p>\n","protected":false},"author":1,"featured_media":0,"parent":0,"menu_order":0,"comment_status":"closed","ping_status":"closed","template":"","meta":[],"yoast_head":"<!-- This site is optimized with the Yoast SEO plugin v16.0.2 - https:\/\/yoast.com\/wordpress\/plugins\/seo\/ -->\n<title>My account - Bratislavsk\u00e1 re\u0161taur\u00e1cia<\/title>\n<link rel=\"canonical\" href=\"https:\/\/slovenskejedlo.sk\/?page_id=10\" \/>\n<meta property=\"og:locale\" content=\"sk_SK\" \/>\n<meta property=\"og:type\" content=\"article\" \/>\n<meta property=\"og:title\" content=\"My account - Bratislavsk\u00e1 re\u0161taur\u00e1cia\" \/>\n<meta property=\"og:description\" content=\"Read More...\" \/>\n<meta property=\"og:url\" content=\"https:\/\/slovenskejedlo.sk\/?page_id=10\" \/>\n<meta property=\"og:site_name\" content=\"Bratislavsk\u00e1 re\u0161taur\u00e1cia\" \/>\n<meta name=\"twitter:card\" content=\"summary_large_image\" \/>\n<script type=\"application\/ld+json\" class=\"yoast-schema-graph\">{\"@context\":\"https:\/\/schema.org\",\"@graph\":[{\"@type\":\"WebSite\",\"@id\":\"https:\/\/slovenskejedlo.sk\/#website\",\"url\":\"https:\/\/slovenskejedlo.sk\/\",\"name\":\"Bratislavsk\\u00e1 re\\u0161taur\\u00e1cia\",\"description\":\"Nie je iba pub, je to in\\u0161tit\\u00facia\",\"potentialAction\":[{\"@type\":\"SearchAction\",\"target\":\"https:\/\/slovenskejedlo.sk\/?s={search_term_string}\",\"query-input\":\"required name=search_term_string\"}],\"inLanguage\":\"sk-SK\"},{\"@type\":\"WebPage\",\"@id\":\"https:\/\/slovenskejedlo.sk\/?page_id=10#webpage\",\"url\":\"https:\/\/slovenskejedlo.sk\/?page_id=10\",\"name\":\"My account - Bratislavsk\\u00e1 re\\u0161taur\\u00e1cia\",\"isPartOf\":{\"@id\":\"https:\/\/slovenskejedlo.sk\/#website\"},\"datePublished\":\"2021-03-03T12:28:19+00:00\",\"dateModified\":\"2021-03-03T12:28:19+00:00\",\"breadcrumb\":{\"@id\":\"https:\/\/slovenskejedlo.sk\/?page_id=10#breadcrumb\"},\"inLanguage\":\"sk-SK\",\"potentialAction\":[{\"@type\":\"ReadAction\",\"target\":[\"https:\/\/slovenskejedlo.sk\/?page_id=10\"]}]},{\"@type\":\"BreadcrumbList\",\"@id\":\"https:\/\/slovenskejedlo.sk\/?page_id=10#breadcrumb\",\"itemListElement\":[{\"@type\":\"ListItem\",\"position\":1,\"item\":{\"@type\":\"WebPage\",\"@id\":\"https:\/\/slovenskejedlo.sk\/\",\"url\":\"https:\/\/slovenskejedlo.sk\/\",\"name\":\"Domovsk\\u00e1 str\\u00e1nka\"}},{\"@type\":\"ListItem\",\"position\":2,\"item\":{\"@type\":\"WebPage\",\"@id\":\"https:\/\/slovenskejedlo.sk\/?page_id=10\",\"url\":\"https:\/\/slovenskejedlo.sk\/?page_id=10\",\"name\":\"My account\"}}]}]}<\/script>\n<!-- \/ Yoast SEO plugin. -->","_links":{"self":[{"href":"https:\/\/slovenskejedlo.sk\/index.php?rest_route=\/wp\/v2\/pages\/10"}],"collection":[{"href":"https:\/\/slovenskejedlo.sk\/index.php?rest_route=\/wp\/v2\/pages"}],"about":[{"href":"https:\/\/slovenskejedlo.sk\/index.php?rest_route=\/wp\/v2\/types\/page"}],"author":[{"embeddable":true,"href":"https:\/\/slovenskejedlo.sk\/index.php?rest_route=\/wp\/v2\/users\/1"}],"replies":[{"embeddable":true,"href":"https:\/\/slovenskejedlo.sk\/index.php?rest_route=%2Fwp%2Fv2%2Fcomments&post=10"}],"version-history":[{"count":0,"href":"https:\/\/slovenskejedlo.sk\/index.php?rest_route=\/wp\/v2\/pages\/10\/revisions"}],"wp:attachment":[{"href":"https:\/\/slovenskejedlo.sk\/index.php?rest_route=%2Fwp%2Fv2%2Fmedia&parent=10"}],"curies":[{"name":"wp","href":"https:\/\/api.w.org\/{rel}","templated":true}]}}