{"id":109,"date":"2018-07-14T07:33:36","date_gmt":"2018-07-14T07:33:36","guid":{"rendered":"https:\/\/restaurantshop.eazy.sk\/?page_id=109"},"modified":"2021-06-30T22:52:48","modified_gmt":"2021-06-30T20:52:48","slug":"contact-us","status":"publish","type":"page","link":"https:\/\/slovenskejedlo.sk\/?page_id=109","title":{"rendered":"Kontakt"},"content":{"rendered":"\t\t<div data-elementor-type=\"wp-post\" data-elementor-id=\"109\" class=\"elementor elementor-109\" data-elementor-settings=\"[]\">\n\t\t\t\t\t\t\t<div class=\"elementor-section-wrap\">\n\t\t\t\t\t\t\t<section class=\"elementor-section elementor-top-section elementor-element elementor-element-c5ecfdf elementor-section-content-middle elementor-section-boxed elementor-section-height-default elementor-section-height-default\" data-id=\"c5ecfdf\" data-element_type=\"section\">\n\t\t\t\t\t\t<div class=\"elementor-container elementor-column-gap-no\">\n\t\t\t\t\t<div class=\"elementor-column elementor-col-33 elementor-top-column elementor-element elementor-element-62ae100\" data-id=\"62ae100\" data-element_type=\"column\" data-settings=\"{&quot;background_background&quot;:&quot;classic&quot;}\">\n\t\t\t<div class=\"elementor-widget-wrap elementor-element-populated\">\n\t\t\t\t\t\t\t\t<div class=\"elementor-element elementor-element-aca9dbd elementor-view-default elementor-position-top layout-default elementor-vertical-align-top elementor-widget elementor-widget-image-box\" data-id=\"aca9dbd\" data-element_type=\"widget\" data-widget_type=\"image-box.default\">\n\t\t\t\t<div class=\"elementor-widget-container\">\n\t\t\t<div class=\"elementor-image-box-wrapper\"><div class=\"elementor-image-framed\"><figure class=\"elementor-image-box-img\"><img width=\"48\" height=\"48\" src=\"https:\/\/slovenskejedlo.sk\/wp-content\/uploads\/2018\/12\/contact-address.png\" class=\"elementor-animation-shrink attachment-full size-full\" alt=\"\" loading=\"lazy\" \/><\/figure><\/div><div class=\"elementor-image-box-content\"><h3 class=\"elementor-image-box-title\">\u00daDAJE<\/h3><p class=\"elementor-image-box-description\"><span style=\"font-size:11.0pt;font-family:&quot;DejaVu Sans&quot;,sans-serif;\nmso-fareast-font-family:&quot;DejaVu Sans&quot;;mso-bidi-font-family:&quot;DejaVu Sans&quot;;\nmso-ansi-language:SK;mso-fareast-language:SK;mso-bidi-language:SK\">Orava - servis, s.r.o. <\/span><br><span style=\"font-size:11.0pt;font-family:&quot;DejaVu Sans&quot;,sans-serif;\nmso-fareast-font-family:&quot;DejaVu Sans&quot;;mso-bidi-font-family:&quot;DejaVu Sans&quot;;\nmso-ansi-language:SK;mso-fareast-language:SK;mso-bidi-language:SK\">I\u010cO: 46141031 <\/span><br><span style=\"font-size:11.0pt;font-family:&quot;DejaVu Sans&quot;,sans-serif;\nmso-fareast-font-family:&quot;DejaVu Sans&quot;;mso-bidi-font-family:&quot;DejaVu Sans&quot;;\nmso-ansi-language:SK;mso-fareast-language:SK;mso-bidi-language:SK\">DI\u010c: 2023249228<\/span><br><span style=\"font-size:11.0pt;font-family:&quot;DejaVu Sans&quot;,sans-serif;\nmso-fareast-font-family:&quot;DejaVu Sans&quot;;mso-bidi-font-family:&quot;DejaVu Sans&quot;;\nmso-ansi-language:SK;mso-fareast-language:SK;mso-bidi-language:SK\">I\u010c DPH: SK2023249228<\/span><br><span style=\"font-size:11.0pt;font-family:&quot;DejaVu Sans&quot;,sans-serif;\nmso-fareast-font-family:&quot;DejaVu Sans&quot;;mso-bidi-font-family:&quot;DejaVu Sans&quot;;\nmso-ansi-language:SK;mso-fareast-language:SK;mso-bidi-language:SK\">V z\u00e1hrad\u00e1ch 23,  811 02 Bratislava<\/span><br><br><span style=\"font-size:11.0pt;font-family:&quot;DejaVu Sans&quot;,sans-serif;\nmso-fareast-font-family:&quot;DejaVu Sans&quot;;mso-bidi-font-family:&quot;DejaVu Sans&quot;;\nmso-ansi-language:SK;mso-fareast-language:SK;mso-bidi-language:SK\">zap\u00edsan\u00e1 v Obchodn\u00fd register\nOkresn\u00e9ho s\u00fadu Bratislava I, oddiel: Sro, vlo\u017eka \u010d. 72614\/B<\/span><\/p><\/div><\/div>\t\t<\/div>\n\t\t\t\t<\/div>\n\t\t\t\t\t<\/div>\n\t\t<\/div>\n\t\t\t\t<div class=\"elementor-column elementor-col-33 elementor-top-column elementor-element elementor-element-be9f9fc\" data-id=\"be9f9fc\" data-element_type=\"column\">\n\t\t\t<div class=\"elementor-widget-wrap elementor-element-populated\">\n\t\t\t\t\t\t\t\t<div class=\"elementor-element elementor-element-99865d0 elementor-view-default elementor-position-top layout-default elementor-vertical-align-top elementor-widget elementor-widget-image-box\" data-id=\"99865d0\" data-element_type=\"widget\" data-widget_type=\"image-box.default\">\n\t\t\t\t<div class=\"elementor-widget-container\">\n\t\t\t<div class=\"elementor-image-box-wrapper\"><div class=\"elementor-image-framed\"><figure class=\"elementor-image-box-img\"><img width=\"48\" height=\"48\" src=\"https:\/\/slovenskejedlo.sk\/wp-content\/uploads\/2018\/12\/contact-hotline.png\" class=\"elementor-animation-shrink attachment-full size-full\" alt=\"\" loading=\"lazy\" \/><\/figure><\/div><div class=\"elementor-image-box-content\"><h3 class=\"elementor-image-box-title\">mobil <\/h3><p class=\"elementor-image-box-description\">0907 717 031<\/p><\/div><\/div>\t\t<\/div>\n\t\t\t\t<\/div>\n\t\t\t\t\t<\/div>\n\t\t<\/div>\n\t\t\t\t<div class=\"elementor-column elementor-col-33 elementor-top-column elementor-element elementor-element-876948b\" data-id=\"876948b\" data-element_type=\"column\">\n\t\t\t<div class=\"elementor-widget-wrap elementor-element-populated\">\n\t\t\t\t\t\t\t\t<div class=\"elementor-element elementor-element-7ec8a33 elementor-view-default elementor-position-top layout-default elementor-vertical-align-top elementor-widget elementor-widget-image-box\" data-id=\"7ec8a33\" data-element_type=\"widget\" data-widget_type=\"image-box.default\">\n\t\t\t\t<div class=\"elementor-widget-container\">\n\t\t\t<div class=\"elementor-image-box-wrapper\"><div class=\"elementor-image-framed\"><figure class=\"elementor-image-box-img\"><img width=\"48\" height=\"48\" src=\"https:\/\/slovenskejedlo.sk\/wp-content\/uploads\/2018\/12\/contact-email.png\" class=\"elementor-animation-shrink attachment-full size-full\" alt=\"\" loading=\"lazy\" \/><\/figure><\/div><div class=\"elementor-image-box-content\"><h3 class=\"elementor-image-box-title\">email<\/h3><p class=\"elementor-image-box-description\">martinahlinova@slovakpub.sk <\/p><\/div><\/div>\t\t<\/div>\n\t\t\t\t<\/div>\n\t\t\t\t\t<\/div>\n\t\t<\/div>\n\t\t\t\t\t\t\t<\/div>\n\t\t<\/section>\n\t\t\t\t\t\t<\/div>\n\t\t\t\t\t<\/div>\n\t\t","protected":false},"excerpt":{"rendered":"<p>\u00daDAJE Orava &#8211; servis, s.r.o. I\u010cO: 46141031 DI\u010c: 2023249228I\u010c DPH: SK2023249228V z\u00e1hrad\u00e1ch 23, 811 02 Bratislava zap\u00edsan\u00e1 v Obchodn\u00fd register Okresn\u00e9ho s\u00fadu Bratislava I, oddiel: Sro, vlo\u017eka \u010d. 72614\/B mobil 0907 717 031 email martinahlinova@slovakpub.sk <\/p>\n<p><a class=\"btn btn-primary foodo-read-more-link\" href=\"https:\/\/slovenskejedlo.sk\/?page_id=109\">Read More&#8230;<\/a><\/p>\n","protected":false},"author":1,"featured_media":0,"parent":0,"menu_order":0,"comment_status":"closed","ping_status":"closed","template":"elementor_header_footer","meta":[],"yoast_head":"<!-- This site is optimized with the Yoast SEO plugin v16.0.2 - https:\/\/yoast.com\/wordpress\/plugins\/seo\/ -->\n<title>Kontakt - Bratislavsk\u00e1 re\u0161taur\u00e1cia<\/title>\n<link rel=\"canonical\" href=\"https:\/\/slovenskejedlo.sk\/?page_id=109\" \/>\n<meta property=\"og:locale\" content=\"sk_SK\" \/>\n<meta property=\"og:type\" content=\"article\" \/>\n<meta property=\"og:title\" content=\"Kontakt - Bratislavsk\u00e1 re\u0161taur\u00e1cia\" \/>\n<meta property=\"og:description\" content=\"\u00daDAJE Orava &#8211; servis, s.r.o. I\u010cO: 46141031 DI\u010c: 2023249228I\u010c DPH: SK2023249228V z\u00e1hrad\u00e1ch 23, 811 02 Bratislava zap\u00edsan\u00e1 v Obchodn\u00fd register Okresn\u00e9ho s\u00fadu Bratislava I, oddiel: Sro, vlo\u017eka \u010d. 72614\/B mobil 0907 717 031 email martinahlinova@slovakpub.sk Read More...\" \/>\n<meta property=\"og:url\" content=\"https:\/\/slovenskejedlo.sk\/?page_id=109\" \/>\n<meta property=\"og:site_name\" content=\"Bratislavsk\u00e1 re\u0161taur\u00e1cia\" \/>\n<meta property=\"article:modified_time\" content=\"2021-06-30T20:52:48+00:00\" \/>\n<meta property=\"og:image\" content=\"https:\/\/slovenskejedlo.sk\/wp-content\/uploads\/2018\/12\/contact-address.png\" \/>\n<meta name=\"twitter:card\" content=\"summary_large_image\" \/>\n<meta name=\"twitter:label1\" content=\"Predpokladan\u00fd \u010das \u010d\u00edtania\">\n\t<meta name=\"twitter:data1\" content=\"1 min\u00fata\">\n<script type=\"application\/ld+json\" class=\"yoast-schema-graph\">{\"@context\":\"https:\/\/schema.org\",\"@graph\":[{\"@type\":\"WebSite\",\"@id\":\"https:\/\/slovenskejedlo.sk\/#website\",\"url\":\"https:\/\/slovenskejedlo.sk\/\",\"name\":\"Bratislavsk\\u00e1 re\\u0161taur\\u00e1cia\",\"description\":\"Nie je iba pub, je to in\\u0161tit\\u00facia\",\"potentialAction\":[{\"@type\":\"SearchAction\",\"target\":\"https:\/\/slovenskejedlo.sk\/?s={search_term_string}\",\"query-input\":\"required name=search_term_string\"}],\"inLanguage\":\"sk-SK\"},{\"@type\":\"ImageObject\",\"@id\":\"https:\/\/slovenskejedlo.sk\/?page_id=109#primaryimage\",\"inLanguage\":\"sk-SK\",\"url\":\"https:\/\/slovenskejedlo.sk\/wp-content\/uploads\/2018\/12\/contact-address.png\",\"width\":48,\"height\":48},{\"@type\":\"WebPage\",\"@id\":\"https:\/\/slovenskejedlo.sk\/?page_id=109#webpage\",\"url\":\"https:\/\/slovenskejedlo.sk\/?page_id=109\",\"name\":\"Kontakt - Bratislavsk\\u00e1 re\\u0161taur\\u00e1cia\",\"isPartOf\":{\"@id\":\"https:\/\/slovenskejedlo.sk\/#website\"},\"primaryImageOfPage\":{\"@id\":\"https:\/\/slovenskejedlo.sk\/?page_id=109#primaryimage\"},\"datePublished\":\"2018-07-14T07:33:36+00:00\",\"dateModified\":\"2021-06-30T20:52:48+00:00\",\"breadcrumb\":{\"@id\":\"https:\/\/slovenskejedlo.sk\/?page_id=109#breadcrumb\"},\"inLanguage\":\"sk-SK\",\"potentialAction\":[{\"@type\":\"ReadAction\",\"target\":[\"https:\/\/slovenskejedlo.sk\/?page_id=109\"]}]},{\"@type\":\"BreadcrumbList\",\"@id\":\"https:\/\/slovenskejedlo.sk\/?page_id=109#breadcrumb\",\"itemListElement\":[{\"@type\":\"ListItem\",\"position\":1,\"item\":{\"@type\":\"WebPage\",\"@id\":\"https:\/\/slovenskejedlo.sk\/\",\"url\":\"https:\/\/slovenskejedlo.sk\/\",\"name\":\"Domovsk\\u00e1 str\\u00e1nka\"}},{\"@type\":\"ListItem\",\"position\":2,\"item\":{\"@type\":\"WebPage\",\"@id\":\"https:\/\/slovenskejedlo.sk\/?page_id=109\",\"url\":\"https:\/\/slovenskejedlo.sk\/?page_id=109\",\"name\":\"Kontakt\"}}]}]}<\/script>\n<!-- \/ Yoast SEO plugin. -->","_links":{"self":[{"href":"https:\/\/slovenskejedlo.sk\/index.php?rest_route=\/wp\/v2\/pages\/109"}],"collection":[{"href":"https:\/\/slovenskejedlo.sk\/index.php?rest_route=\/wp\/v2\/pages"}],"about":[{"href":"https:\/\/slovenskejedlo.sk\/index.php?rest_route=\/wp\/v2\/types\/page"}],"author":[{"embeddable":true,"href":"https:\/\/slovenskejedlo.sk\/index.php?rest_route=\/wp\/v2\/users\/1"}],"replies":[{"embeddable":true,"href":"https:\/\/slovenskejedlo.sk\/index.php?rest_route=%2Fwp%2Fv2%2Fcomments&post=109"}],"version-history":[{"count":9,"href":"https:\/\/slovenskejedlo.sk\/index.php?rest_route=\/wp\/v2\/pages\/109\/revisions"}],"predecessor-version":[{"id":1142,"href":"https:\/\/slovenskejedlo.sk\/index.php?rest_route=\/wp\/v2\/pages\/109\/revisions\/1142"}],"wp:attachment":[{"href":"https:\/\/slovenskejedlo.sk\/index.php?rest_route=%2Fwp%2Fv2%2Fmedia&parent=109"}],"curies":[{"name":"wp","href":"https:\/\/api.w.org\/{rel}","templated":true}]}}