{"id":371,"date":"2021-03-03T23:26:06","date_gmt":"2021-03-03T22:26:06","guid":{"rendered":"https:\/\/restaurantshop.eazy.sk\/?post_type=product&#038;p=371"},"modified":"2023-06-01T13:45:45","modified_gmt":"2023-06-01T11:45:45","slug":"silny-slepaci-vyvar-s-rezancami-zeleninou-a-maskom","status":"publish","type":"product","link":"https:\/\/slovenskejedlo.sk\/?product=silny-slepaci-vyvar-s-rezancami-zeleninou-a-maskom","title":{"rendered":"Slepa\u010d\u00ed v\u00fdvar s rezancami a m\u00e4skom"},"content":{"rendered":"<p class=\"p1\"><span class=\"s1\">Siln\u00fd slepa\u010d\u00ed v\u00fdvar s rezancami a m\u00e4skom 0,33l<\/span><\/p>\n","protected":false},"excerpt":{"rendered":"<p>Siln\u00fd slepa\u010d\u00ed v\u00fdvar s rezancami a m\u00e4skom 0,33l <\/p>\n<p><a class=\"btn btn-primary foodo-read-more-link\" href=\"https:\/\/slovenskejedlo.sk\/?product=silny-slepaci-vyvar-s-rezancami-zeleninou-a-maskom\">Read More&#8230;<\/a><\/p>\n","protected":false},"featured_media":679,"template":"","meta":[],"yoast_head":"<!-- This site is optimized with the Yoast SEO plugin v16.0.2 - https:\/\/yoast.com\/wordpress\/plugins\/seo\/ -->\n<title>Slepa\u010d\u00ed v\u00fdvar s rezancami a m\u00e4skom - Bratislavsk\u00e1 re\u0161taur\u00e1cia<\/title>\n<link rel=\"canonical\" href=\"https:\/\/slovenskejedlo.sk\/?product=silny-slepaci-vyvar-s-rezancami-zeleninou-a-maskom\" \/>\n<meta property=\"og:locale\" content=\"sk_SK\" \/>\n<meta property=\"og:type\" content=\"article\" \/>\n<meta property=\"og:title\" content=\"Slepa\u010d\u00ed v\u00fdvar s rezancami a m\u00e4skom - Bratislavsk\u00e1 re\u0161taur\u00e1cia\" \/>\n<meta property=\"og:description\" content=\"Siln\u00fd slepa\u010d\u00ed v\u00fdvar s rezancami a m\u00e4skom 0,33l Read More...\" \/>\n<meta property=\"og:url\" content=\"https:\/\/slovenskejedlo.sk\/?product=silny-slepaci-vyvar-s-rezancami-zeleninou-a-maskom\" \/>\n<meta property=\"og:site_name\" content=\"Bratislavsk\u00e1 re\u0161taur\u00e1cia\" \/>\n<meta property=\"article:modified_time\" content=\"2023-06-01T11:45:45+00:00\" \/>\n<meta property=\"og:image\" content=\"https:\/\/slovenskejedlo.sk\/wp-content\/uploads\/2021\/03\/vy\u0301var-scaled.jpg\" \/>\n\t<meta property=\"og:image:width\" content=\"2556\" \/>\n\t<meta property=\"og:image:height\" content=\"2560\" \/>\n<meta name=\"twitter:card\" content=\"summary_large_image\" \/>\n<script type=\"application\/ld+json\" class=\"yoast-schema-graph\">{\"@context\":\"https:\/\/schema.org\",\"@graph\":[{\"@type\":\"WebSite\",\"@id\":\"https:\/\/slovenskejedlo.sk\/#website\",\"url\":\"https:\/\/slovenskejedlo.sk\/\",\"name\":\"Bratislavsk\\u00e1 re\\u0161taur\\u00e1cia\",\"description\":\"Nie je iba pub, je to in\\u0161tit\\u00facia\",\"potentialAction\":[{\"@type\":\"SearchAction\",\"target\":\"https:\/\/slovenskejedlo.sk\/?s={search_term_string}\",\"query-input\":\"required name=search_term_string\"}],\"inLanguage\":\"sk-SK\"},{\"@type\":\"ImageObject\",\"@id\":\"https:\/\/slovenskejedlo.sk\/?product=silny-slepaci-vyvar-s-rezancami-zeleninou-a-maskom#primaryimage\",\"inLanguage\":\"sk-SK\",\"url\":\"https:\/\/slovenskejedlo.sk\/wp-content\/uploads\/2021\/03\/vy\\u0301var-scaled.jpg\",\"width\":2556,\"height\":2560,\"caption\":\"chicken soup\"},{\"@type\":\"WebPage\",\"@id\":\"https:\/\/slovenskejedlo.sk\/?product=silny-slepaci-vyvar-s-rezancami-zeleninou-a-maskom#webpage\",\"url\":\"https:\/\/slovenskejedlo.sk\/?product=silny-slepaci-vyvar-s-rezancami-zeleninou-a-maskom\",\"name\":\"Slepa\\u010d\\u00ed v\\u00fdvar s rezancami a m\\u00e4skom - Bratislavsk\\u00e1 re\\u0161taur\\u00e1cia\",\"isPartOf\":{\"@id\":\"https:\/\/slovenskejedlo.sk\/#website\"},\"primaryImageOfPage\":{\"@id\":\"https:\/\/slovenskejedlo.sk\/?product=silny-slepaci-vyvar-s-rezancami-zeleninou-a-maskom#primaryimage\"},\"datePublished\":\"2021-03-03T22:26:06+00:00\",\"dateModified\":\"2023-06-01T11:45:45+00:00\",\"breadcrumb\":{\"@id\":\"https:\/\/slovenskejedlo.sk\/?product=silny-slepaci-vyvar-s-rezancami-zeleninou-a-maskom#breadcrumb\"},\"inLanguage\":\"sk-SK\",\"potentialAction\":[{\"@type\":\"ReadAction\",\"target\":[\"https:\/\/slovenskejedlo.sk\/?product=silny-slepaci-vyvar-s-rezancami-zeleninou-a-maskom\"]}]},{\"@type\":\"BreadcrumbList\",\"@id\":\"https:\/\/slovenskejedlo.sk\/?product=silny-slepaci-vyvar-s-rezancami-zeleninou-a-maskom#breadcrumb\",\"itemListElement\":[{\"@type\":\"ListItem\",\"position\":1,\"item\":{\"@type\":\"WebPage\",\"@id\":\"https:\/\/slovenskejedlo.sk\/\",\"url\":\"https:\/\/slovenskejedlo.sk\/\",\"name\":\"Domovsk\\u00e1 str\\u00e1nka\"}},{\"@type\":\"ListItem\",\"position\":2,\"item\":{\"@type\":\"WebPage\",\"@id\":\"https:\/\/slovenskejedlo.sk\/?page_id=7\",\"url\":\"https:\/\/slovenskejedlo.sk\/?page_id=7\",\"name\":\"Jedl\\u00e1\"}},{\"@type\":\"ListItem\",\"position\":3,\"item\":{\"@type\":\"WebPage\",\"@id\":\"https:\/\/slovenskejedlo.sk\/?product=silny-slepaci-vyvar-s-rezancami-zeleninou-a-maskom\",\"url\":\"https:\/\/slovenskejedlo.sk\/?product=silny-slepaci-vyvar-s-rezancami-zeleninou-a-maskom\",\"name\":\"Slepa\\u010d\\u00ed v\\u00fdvar s rezancami a m\\u00e4skom\"}}]}]}<\/script>\n<!-- \/ Yoast SEO plugin. -->","_links":{"self":[{"href":"https:\/\/slovenskejedlo.sk\/index.php?rest_route=\/wp\/v2\/product\/371"}],"collection":[{"href":"https:\/\/slovenskejedlo.sk\/index.php?rest_route=\/wp\/v2\/product"}],"about":[{"href":"https:\/\/slovenskejedlo.sk\/index.php?rest_route=\/wp\/v2\/types\/product"}],"version-history":[{"count":2,"href":"https:\/\/slovenskejedlo.sk\/index.php?rest_route=\/wp\/v2\/product\/371\/revisions"}],"predecessor-version":[{"id":618,"href":"https:\/\/slovenskejedlo.sk\/index.php?rest_route=\/wp\/v2\/product\/371\/revisions\/618"}],"wp:featuredmedia":[{"embeddable":true,"href":"https:\/\/slovenskejedlo.sk\/index.php?rest_route=\/wp\/v2\/media\/679"}],"wp:attachment":[{"href":"https:\/\/slovenskejedlo.sk\/index.php?rest_route=%2Fwp%2Fv2%2Fmedia&parent=371"}],"curies":[{"name":"wp","href":"https:\/\/api.w.org\/{rel}","templated":true}]}}