{"id":373,"date":"2021-11-26T07:28:02","date_gmt":"2021-11-26T06:28:02","guid":{"rendered":"https:\/\/restaurantshop.eazy.sk\/?post_type=product&#038;p=373"},"modified":"2023-06-01T13:44:32","modified_gmt":"2023-06-01T11:44:32","slug":"bryndzove-halusky-s-ostiepkom-a-slaninou","status":"publish","type":"product","link":"https:\/\/slovenskejedlo.sk\/?product=bryndzove-halusky-s-ostiepkom-a-slaninou","title":{"rendered":"Bryndzov\u00e9 halu\u0161ky s o\u0161tiepkom a slaninou"},"content":{"rendered":"<p class=\"p1\"><span class=\"s1\">Klasick\u00e9 bryndzov\u00e9 halu\u0161ky posypan\u00e9 str\u00fahan\u00fdm o\u0161tiepkom a slaninkou <\/span><span class=\"s1\">300g<\/span><\/p>\n","protected":false},"excerpt":{"rendered":"<p>Klasick\u00e9 bryndzov\u00e9 halu\u0161ky posypan\u00e9 str\u00fahan\u00fdm o\u0161tiepkom a slaninkou 300g <\/p>\n<p><a class=\"btn btn-primary foodo-read-more-link\" href=\"https:\/\/slovenskejedlo.sk\/?product=bryndzove-halusky-s-ostiepkom-a-slaninou\">Read More&#8230;<\/a><\/p>\n","protected":false},"featured_media":339,"template":"","meta":[],"yoast_head":"<!-- This site is optimized with the Yoast SEO plugin v16.0.2 - https:\/\/yoast.com\/wordpress\/plugins\/seo\/ -->\n<title>Bryndzov\u00e9 halu\u0161ky s o\u0161tiepkom a slaninou - Bratislavsk\u00e1 re\u0161taur\u00e1cia<\/title>\n<link rel=\"canonical\" href=\"https:\/\/slovenskejedlo.sk\/?product=bryndzove-halusky-s-ostiepkom-a-slaninou\" \/>\n<meta property=\"og:locale\" content=\"sk_SK\" \/>\n<meta property=\"og:type\" content=\"article\" \/>\n<meta property=\"og:title\" content=\"Bryndzov\u00e9 halu\u0161ky s o\u0161tiepkom a slaninou - Bratislavsk\u00e1 re\u0161taur\u00e1cia\" \/>\n<meta property=\"og:description\" content=\"Klasick\u00e9 bryndzov\u00e9 halu\u0161ky posypan\u00e9 str\u00fahan\u00fdm o\u0161tiepkom a slaninkou 300g Read More...\" \/>\n<meta property=\"og:url\" content=\"https:\/\/slovenskejedlo.sk\/?product=bryndzove-halusky-s-ostiepkom-a-slaninou\" \/>\n<meta property=\"og:site_name\" content=\"Bratislavsk\u00e1 re\u0161taur\u00e1cia\" \/>\n<meta property=\"article:modified_time\" content=\"2023-06-01T11:44:32+00:00\" \/>\n<meta property=\"og:image\" content=\"https:\/\/slovenskejedlo.sk\/wp-content\/uploads\/2021\/03\/Bryndzove\u0301-s-os\u030ctiepkom.jpg\" \/>\n\t<meta property=\"og:image:width\" content=\"2048\" \/>\n\t<meta property=\"og:image:height\" content=\"1365\" \/>\n<meta name=\"twitter:card\" content=\"summary_large_image\" \/>\n<script type=\"application\/ld+json\" class=\"yoast-schema-graph\">{\"@context\":\"https:\/\/schema.org\",\"@graph\":[{\"@type\":\"WebSite\",\"@id\":\"https:\/\/slovenskejedlo.sk\/#website\",\"url\":\"https:\/\/slovenskejedlo.sk\/\",\"name\":\"Bratislavsk\\u00e1 re\\u0161taur\\u00e1cia\",\"description\":\"Nie je iba pub, je to in\\u0161tit\\u00facia\",\"potentialAction\":[{\"@type\":\"SearchAction\",\"target\":\"https:\/\/slovenskejedlo.sk\/?s={search_term_string}\",\"query-input\":\"required name=search_term_string\"}],\"inLanguage\":\"sk-SK\"},{\"@type\":\"ImageObject\",\"@id\":\"https:\/\/slovenskejedlo.sk\/?product=bryndzove-halusky-s-ostiepkom-a-slaninou#primaryimage\",\"inLanguage\":\"sk-SK\",\"url\":\"https:\/\/slovenskejedlo.sk\/wp-content\/uploads\/2021\/03\/Bryndzove\\u0301-s-os\\u030ctiepkom.jpg\",\"width\":2048,\"height\":1365},{\"@type\":\"WebPage\",\"@id\":\"https:\/\/slovenskejedlo.sk\/?product=bryndzove-halusky-s-ostiepkom-a-slaninou#webpage\",\"url\":\"https:\/\/slovenskejedlo.sk\/?product=bryndzove-halusky-s-ostiepkom-a-slaninou\",\"name\":\"Bryndzov\\u00e9 halu\\u0161ky s o\\u0161tiepkom a slaninou - Bratislavsk\\u00e1 re\\u0161taur\\u00e1cia\",\"isPartOf\":{\"@id\":\"https:\/\/slovenskejedlo.sk\/#website\"},\"primaryImageOfPage\":{\"@id\":\"https:\/\/slovenskejedlo.sk\/?product=bryndzove-halusky-s-ostiepkom-a-slaninou#primaryimage\"},\"datePublished\":\"2021-11-26T06:28:02+00:00\",\"dateModified\":\"2023-06-01T11:44:32+00:00\",\"breadcrumb\":{\"@id\":\"https:\/\/slovenskejedlo.sk\/?product=bryndzove-halusky-s-ostiepkom-a-slaninou#breadcrumb\"},\"inLanguage\":\"sk-SK\",\"potentialAction\":[{\"@type\":\"ReadAction\",\"target\":[\"https:\/\/slovenskejedlo.sk\/?product=bryndzove-halusky-s-ostiepkom-a-slaninou\"]}]},{\"@type\":\"BreadcrumbList\",\"@id\":\"https:\/\/slovenskejedlo.sk\/?product=bryndzove-halusky-s-ostiepkom-a-slaninou#breadcrumb\",\"itemListElement\":[{\"@type\":\"ListItem\",\"position\":1,\"item\":{\"@type\":\"WebPage\",\"@id\":\"https:\/\/slovenskejedlo.sk\/\",\"url\":\"https:\/\/slovenskejedlo.sk\/\",\"name\":\"Domovsk\\u00e1 str\\u00e1nka\"}},{\"@type\":\"ListItem\",\"position\":2,\"item\":{\"@type\":\"WebPage\",\"@id\":\"https:\/\/slovenskejedlo.sk\/?page_id=7\",\"url\":\"https:\/\/slovenskejedlo.sk\/?page_id=7\",\"name\":\"Jedl\\u00e1\"}},{\"@type\":\"ListItem\",\"position\":3,\"item\":{\"@type\":\"WebPage\",\"@id\":\"https:\/\/slovenskejedlo.sk\/?product=bryndzove-halusky-s-ostiepkom-a-slaninou\",\"url\":\"https:\/\/slovenskejedlo.sk\/?product=bryndzove-halusky-s-ostiepkom-a-slaninou\",\"name\":\"Bryndzov\\u00e9 halu\\u0161ky s o\\u0161tiepkom a slaninou\"}}]}]}<\/script>\n<!-- \/ Yoast SEO plugin. -->","_links":{"self":[{"href":"https:\/\/slovenskejedlo.sk\/index.php?rest_route=\/wp\/v2\/product\/373"}],"collection":[{"href":"https:\/\/slovenskejedlo.sk\/index.php?rest_route=\/wp\/v2\/product"}],"about":[{"href":"https:\/\/slovenskejedlo.sk\/index.php?rest_route=\/wp\/v2\/types\/product"}],"version-history":[{"count":2,"href":"https:\/\/slovenskejedlo.sk\/index.php?rest_route=\/wp\/v2\/product\/373\/revisions"}],"predecessor-version":[{"id":376,"href":"https:\/\/slovenskejedlo.sk\/index.php?rest_route=\/wp\/v2\/product\/373\/revisions\/376"}],"wp:featuredmedia":[{"embeddable":true,"href":"https:\/\/slovenskejedlo.sk\/index.php?rest_route=\/wp\/v2\/media\/339"}],"wp:attachment":[{"href":"https:\/\/slovenskejedlo.sk\/index.php?rest_route=%2Fwp%2Fv2%2Fmedia&parent=373"}],"curies":[{"name":"wp","href":"https:\/\/api.w.org\/{rel}","templated":true}]}}