{"id":377,"date":"2021-03-03T23:28:19","date_gmt":"2021-03-03T22:28:19","guid":{"rendered":"https:\/\/restaurantshop.eazy.sk\/?post_type=product&#038;p=377"},"modified":"2023-06-01T13:45:44","modified_gmt":"2023-06-01T11:45:44","slug":"kapustove-strapacky-so-slaninou","status":"publish","type":"product","link":"https:\/\/slovenskejedlo.sk\/?product=kapustove-strapacky-so-slaninou","title":{"rendered":"Kapustov\u00e9 strapa\u010dky so slaninou"},"content":{"rendered":"<p class=\"p1\"><span class=\"s1\">Kapustov\u00e9 strapa\u010dky so slaninou 300g<span class=\"Apple-converted-space\">\u00a0<\/span><\/span><\/p>\n","protected":false},"excerpt":{"rendered":"<p>Kapustov\u00e9 strapa\u010dky so slaninou 300g\u00a0 <\/p>\n<p><a class=\"btn btn-primary foodo-read-more-link\" href=\"https:\/\/slovenskejedlo.sk\/?product=kapustove-strapacky-so-slaninou\">Read More&#8230;<\/a><\/p>\n","protected":false},"featured_media":345,"template":"","meta":[],"yoast_head":"<!-- This site is optimized with the Yoast SEO plugin v16.0.2 - https:\/\/yoast.com\/wordpress\/plugins\/seo\/ -->\n<title>Kapustov\u00e9 strapa\u010dky so slaninou - Bratislavsk\u00e1 re\u0161taur\u00e1cia<\/title>\n<link rel=\"canonical\" href=\"https:\/\/slovenskejedlo.sk\/?product=kapustove-strapacky-so-slaninou\" \/>\n<meta property=\"og:locale\" content=\"sk_SK\" \/>\n<meta property=\"og:type\" content=\"article\" \/>\n<meta property=\"og:title\" content=\"Kapustov\u00e9 strapa\u010dky so slaninou - Bratislavsk\u00e1 re\u0161taur\u00e1cia\" \/>\n<meta property=\"og:description\" content=\"Kapustov\u00e9 strapa\u010dky so slaninou 300g\u00a0 Read More...\" \/>\n<meta property=\"og:url\" content=\"https:\/\/slovenskejedlo.sk\/?product=kapustove-strapacky-so-slaninou\" \/>\n<meta property=\"og:site_name\" content=\"Bratislavsk\u00e1 re\u0161taur\u00e1cia\" \/>\n<meta property=\"article:modified_time\" content=\"2023-06-01T11:45:44+00:00\" \/>\n<meta property=\"og:image\" content=\"https:\/\/slovenskejedlo.sk\/wp-content\/uploads\/2021\/03\/kapustove\u0301-strapac\u030cky-scaled.jpg\" \/>\n\t<meta property=\"og:image:width\" content=\"2560\" \/>\n\t<meta property=\"og:image:height\" content=\"1707\" \/>\n<meta name=\"twitter:card\" content=\"summary_large_image\" \/>\n<script type=\"application\/ld+json\" class=\"yoast-schema-graph\">{\"@context\":\"https:\/\/schema.org\",\"@graph\":[{\"@type\":\"WebSite\",\"@id\":\"https:\/\/slovenskejedlo.sk\/#website\",\"url\":\"https:\/\/slovenskejedlo.sk\/\",\"name\":\"Bratislavsk\\u00e1 re\\u0161taur\\u00e1cia\",\"description\":\"Nie je iba pub, je to in\\u0161tit\\u00facia\",\"potentialAction\":[{\"@type\":\"SearchAction\",\"target\":\"https:\/\/slovenskejedlo.sk\/?s={search_term_string}\",\"query-input\":\"required name=search_term_string\"}],\"inLanguage\":\"sk-SK\"},{\"@type\":\"ImageObject\",\"@id\":\"https:\/\/slovenskejedlo.sk\/?product=kapustove-strapacky-so-slaninou#primaryimage\",\"inLanguage\":\"sk-SK\",\"url\":\"https:\/\/slovenskejedlo.sk\/wp-content\/uploads\/2021\/03\/kapustove\\u0301-strapac\\u030cky-scaled.jpg\",\"width\":2560,\"height\":1707},{\"@type\":\"WebPage\",\"@id\":\"https:\/\/slovenskejedlo.sk\/?product=kapustove-strapacky-so-slaninou#webpage\",\"url\":\"https:\/\/slovenskejedlo.sk\/?product=kapustove-strapacky-so-slaninou\",\"name\":\"Kapustov\\u00e9 strapa\\u010dky so slaninou - Bratislavsk\\u00e1 re\\u0161taur\\u00e1cia\",\"isPartOf\":{\"@id\":\"https:\/\/slovenskejedlo.sk\/#website\"},\"primaryImageOfPage\":{\"@id\":\"https:\/\/slovenskejedlo.sk\/?product=kapustove-strapacky-so-slaninou#primaryimage\"},\"datePublished\":\"2021-03-03T22:28:19+00:00\",\"dateModified\":\"2023-06-01T11:45:44+00:00\",\"breadcrumb\":{\"@id\":\"https:\/\/slovenskejedlo.sk\/?product=kapustove-strapacky-so-slaninou#breadcrumb\"},\"inLanguage\":\"sk-SK\",\"potentialAction\":[{\"@type\":\"ReadAction\",\"target\":[\"https:\/\/slovenskejedlo.sk\/?product=kapustove-strapacky-so-slaninou\"]}]},{\"@type\":\"BreadcrumbList\",\"@id\":\"https:\/\/slovenskejedlo.sk\/?product=kapustove-strapacky-so-slaninou#breadcrumb\",\"itemListElement\":[{\"@type\":\"ListItem\",\"position\":1,\"item\":{\"@type\":\"WebPage\",\"@id\":\"https:\/\/slovenskejedlo.sk\/\",\"url\":\"https:\/\/slovenskejedlo.sk\/\",\"name\":\"Domovsk\\u00e1 str\\u00e1nka\"}},{\"@type\":\"ListItem\",\"position\":2,\"item\":{\"@type\":\"WebPage\",\"@id\":\"https:\/\/slovenskejedlo.sk\/?page_id=7\",\"url\":\"https:\/\/slovenskejedlo.sk\/?page_id=7\",\"name\":\"Jedl\\u00e1\"}},{\"@type\":\"ListItem\",\"position\":3,\"item\":{\"@type\":\"WebPage\",\"@id\":\"https:\/\/slovenskejedlo.sk\/?product=kapustove-strapacky-so-slaninou\",\"url\":\"https:\/\/slovenskejedlo.sk\/?product=kapustove-strapacky-so-slaninou\",\"name\":\"Kapustov\\u00e9 strapa\\u010dky so slaninou\"}}]}]}<\/script>\n<!-- \/ Yoast SEO plugin. -->","_links":{"self":[{"href":"https:\/\/slovenskejedlo.sk\/index.php?rest_route=\/wp\/v2\/product\/377"}],"collection":[{"href":"https:\/\/slovenskejedlo.sk\/index.php?rest_route=\/wp\/v2\/product"}],"about":[{"href":"https:\/\/slovenskejedlo.sk\/index.php?rest_route=\/wp\/v2\/types\/product"}],"version-history":[{"count":1,"href":"https:\/\/slovenskejedlo.sk\/index.php?rest_route=\/wp\/v2\/product\/377\/revisions"}],"predecessor-version":[{"id":378,"href":"https:\/\/slovenskejedlo.sk\/index.php?rest_route=\/wp\/v2\/product\/377\/revisions\/378"}],"wp:featuredmedia":[{"embeddable":true,"href":"https:\/\/slovenskejedlo.sk\/index.php?rest_route=\/wp\/v2\/media\/345"}],"wp:attachment":[{"href":"https:\/\/slovenskejedlo.sk\/index.php?rest_route=%2Fwp%2Fv2%2Fmedia&parent=377"}],"curies":[{"name":"wp","href":"https:\/\/api.w.org\/{rel}","templated":true}]}}