{"id":385,"date":"2021-03-03T23:31:46","date_gmt":"2021-03-03T22:31:46","guid":{"rendered":"https:\/\/restaurantshop.eazy.sk\/?post_type=product&#038;p=385"},"modified":"2023-06-01T13:45:43","modified_gmt":"2023-06-01T11:45:43","slug":"sulance-s-orechmi","status":"publish","type":"product","link":"https:\/\/slovenskejedlo.sk\/?product=sulance-s-orechmi","title":{"rendered":"\u0160\u00fa\u013eance s orechami"},"content":{"rendered":"<p class=\"p1\"><span class=\"s1\">Zemiakov\u00e9 \u0161\u00fa\u013eance so str\u00fahan\u00fdmi orechami a cukrom, preliate maslom 300g<\/span><\/p>\n","protected":false},"excerpt":{"rendered":"<p>Zemiakov\u00e9 \u0161\u00fa\u013eance so str\u00fahan\u00fdmi orechami a cukrom, preliate maslom 300g <\/p>\n<p><a class=\"btn btn-primary foodo-read-more-link\" href=\"https:\/\/slovenskejedlo.sk\/?product=sulance-s-orechmi\">Read More&#8230;<\/a><\/p>\n","protected":false},"featured_media":350,"template":"","meta":[],"yoast_head":"<!-- This site is optimized with the Yoast SEO plugin v16.0.2 - https:\/\/yoast.com\/wordpress\/plugins\/seo\/ -->\n<title>\u0160\u00fa\u013eance s orechami - Bratislavsk\u00e1 re\u0161taur\u00e1cia<\/title>\n<link rel=\"canonical\" href=\"https:\/\/slovenskejedlo.sk\/?product=sulance-s-orechmi\" \/>\n<meta property=\"og:locale\" content=\"sk_SK\" \/>\n<meta property=\"og:type\" content=\"article\" \/>\n<meta property=\"og:title\" content=\"\u0160\u00fa\u013eance s orechami - Bratislavsk\u00e1 re\u0161taur\u00e1cia\" \/>\n<meta property=\"og:description\" content=\"Zemiakov\u00e9 \u0161\u00fa\u013eance so str\u00fahan\u00fdmi orechami a cukrom, preliate maslom 300g Read More...\" \/>\n<meta property=\"og:url\" content=\"https:\/\/slovenskejedlo.sk\/?product=sulance-s-orechmi\" \/>\n<meta property=\"og:site_name\" content=\"Bratislavsk\u00e1 re\u0161taur\u00e1cia\" \/>\n<meta property=\"article:modified_time\" content=\"2023-06-01T11:45:43+00:00\" \/>\n<meta property=\"og:image\" content=\"https:\/\/slovenskejedlo.sk\/wp-content\/uploads\/2021\/03\/S\u030cu\u0301l\u030cance-s-orechami.jpg\" \/>\n\t<meta property=\"og:image:width\" content=\"1200\" \/>\n\t<meta property=\"og:image:height\" content=\"675\" \/>\n<meta name=\"twitter:card\" content=\"summary_large_image\" \/>\n<script type=\"application\/ld+json\" class=\"yoast-schema-graph\">{\"@context\":\"https:\/\/schema.org\",\"@graph\":[{\"@type\":\"WebSite\",\"@id\":\"https:\/\/slovenskejedlo.sk\/#website\",\"url\":\"https:\/\/slovenskejedlo.sk\/\",\"name\":\"Bratislavsk\\u00e1 re\\u0161taur\\u00e1cia\",\"description\":\"Nie je iba pub, je to in\\u0161tit\\u00facia\",\"potentialAction\":[{\"@type\":\"SearchAction\",\"target\":\"https:\/\/slovenskejedlo.sk\/?s={search_term_string}\",\"query-input\":\"required name=search_term_string\"}],\"inLanguage\":\"sk-SK\"},{\"@type\":\"ImageObject\",\"@id\":\"https:\/\/slovenskejedlo.sk\/?product=sulance-s-orechmi#primaryimage\",\"inLanguage\":\"sk-SK\",\"url\":\"https:\/\/slovenskejedlo.sk\/wp-content\/uploads\/2021\/03\/S\\u030cu\\u0301l\\u030cance-s-orechami.jpg\",\"width\":1200,\"height\":675},{\"@type\":\"WebPage\",\"@id\":\"https:\/\/slovenskejedlo.sk\/?product=sulance-s-orechmi#webpage\",\"url\":\"https:\/\/slovenskejedlo.sk\/?product=sulance-s-orechmi\",\"name\":\"\\u0160\\u00fa\\u013eance s orechami - Bratislavsk\\u00e1 re\\u0161taur\\u00e1cia\",\"isPartOf\":{\"@id\":\"https:\/\/slovenskejedlo.sk\/#website\"},\"primaryImageOfPage\":{\"@id\":\"https:\/\/slovenskejedlo.sk\/?product=sulance-s-orechmi#primaryimage\"},\"datePublished\":\"2021-03-03T22:31:46+00:00\",\"dateModified\":\"2023-06-01T11:45:43+00:00\",\"breadcrumb\":{\"@id\":\"https:\/\/slovenskejedlo.sk\/?product=sulance-s-orechmi#breadcrumb\"},\"inLanguage\":\"sk-SK\",\"potentialAction\":[{\"@type\":\"ReadAction\",\"target\":[\"https:\/\/slovenskejedlo.sk\/?product=sulance-s-orechmi\"]}]},{\"@type\":\"BreadcrumbList\",\"@id\":\"https:\/\/slovenskejedlo.sk\/?product=sulance-s-orechmi#breadcrumb\",\"itemListElement\":[{\"@type\":\"ListItem\",\"position\":1,\"item\":{\"@type\":\"WebPage\",\"@id\":\"https:\/\/slovenskejedlo.sk\/\",\"url\":\"https:\/\/slovenskejedlo.sk\/\",\"name\":\"Domovsk\\u00e1 str\\u00e1nka\"}},{\"@type\":\"ListItem\",\"position\":2,\"item\":{\"@type\":\"WebPage\",\"@id\":\"https:\/\/slovenskejedlo.sk\/?page_id=7\",\"url\":\"https:\/\/slovenskejedlo.sk\/?page_id=7\",\"name\":\"Jedl\\u00e1\"}},{\"@type\":\"ListItem\",\"position\":3,\"item\":{\"@type\":\"WebPage\",\"@id\":\"https:\/\/slovenskejedlo.sk\/?product=sulance-s-orechmi\",\"url\":\"https:\/\/slovenskejedlo.sk\/?product=sulance-s-orechmi\",\"name\":\"\\u0160\\u00fa\\u013eance s orechami\"}}]}]}<\/script>\n<!-- \/ Yoast SEO plugin. -->","_links":{"self":[{"href":"https:\/\/slovenskejedlo.sk\/index.php?rest_route=\/wp\/v2\/product\/385"}],"collection":[{"href":"https:\/\/slovenskejedlo.sk\/index.php?rest_route=\/wp\/v2\/product"}],"about":[{"href":"https:\/\/slovenskejedlo.sk\/index.php?rest_route=\/wp\/v2\/types\/product"}],"version-history":[{"count":3,"href":"https:\/\/slovenskejedlo.sk\/index.php?rest_route=\/wp\/v2\/product\/385\/revisions"}],"predecessor-version":[{"id":613,"href":"https:\/\/slovenskejedlo.sk\/index.php?rest_route=\/wp\/v2\/product\/385\/revisions\/613"}],"wp:featuredmedia":[{"embeddable":true,"href":"https:\/\/slovenskejedlo.sk\/index.php?rest_route=\/wp\/v2\/media\/350"}],"wp:attachment":[{"href":"https:\/\/slovenskejedlo.sk\/index.php?rest_route=%2Fwp%2Fv2%2Fmedia&parent=385"}],"curies":[{"name":"wp","href":"https:\/\/api.w.org\/{rel}","templated":true}]}}