{"id":391,"date":"2021-03-03T23:35:08","date_gmt":"2021-03-03T22:35:08","guid":{"rendered":"https:\/\/restaurantshop.eazy.sk\/?post_type=product&#038;p=391"},"modified":"2023-06-01T13:45:43","modified_gmt":"2023-06-01T11:45:43","slug":"nase-domace-rucne-robene-jahodove-gulky","status":"publish","type":"product","link":"https:\/\/slovenskejedlo.sk\/?product=nase-domace-rucne-robene-jahodove-gulky","title":{"rendered":"Na\u0161e dom\u00e1ce ru\u010dne roben\u00e9 jahodov\u00e9 gu\u013eky 5ks"},"content":{"rendered":"<p class=\"p1\"><span class=\"s1\">\u010cerstv\u00e9 ru\u010dne roben\u00e9 gu\u013eky zo zemiakov\u00e9ho cesta plnen\u00e9 jahodou, pod\u00e1van\u00e9 s opra\u017eenou str\u00fahankou na masle 5ks<\/span><\/p>\n","protected":false},"excerpt":{"rendered":"<p>\u010cerstv\u00e9 ru\u010dne roben\u00e9 gu\u013eky zo zemiakov\u00e9ho cesta plnen\u00e9 jahodou, pod\u00e1van\u00e9 s opra\u017eenou str\u00fahankou na masle 5ks <\/p>\n<p><a class=\"btn btn-primary foodo-read-more-link\" href=\"https:\/\/slovenskejedlo.sk\/?product=nase-domace-rucne-robene-jahodove-gulky\">Read More&#8230;<\/a><\/p>\n","protected":false},"featured_media":602,"template":"","meta":[],"yoast_head":"<!-- This site is optimized with the Yoast SEO plugin v16.0.2 - https:\/\/yoast.com\/wordpress\/plugins\/seo\/ -->\n<title>Na\u0161e dom\u00e1ce ru\u010dne roben\u00e9 jahodov\u00e9 gu\u013eky 5ks - Bratislavsk\u00e1 re\u0161taur\u00e1cia<\/title>\n<link rel=\"canonical\" href=\"https:\/\/slovenskejedlo.sk\/?product=nase-domace-rucne-robene-jahodove-gulky\" \/>\n<meta property=\"og:locale\" content=\"sk_SK\" \/>\n<meta property=\"og:type\" content=\"article\" \/>\n<meta property=\"og:title\" content=\"Na\u0161e dom\u00e1ce ru\u010dne roben\u00e9 jahodov\u00e9 gu\u013eky 5ks - Bratislavsk\u00e1 re\u0161taur\u00e1cia\" \/>\n<meta property=\"og:description\" content=\"\u010cerstv\u00e9 ru\u010dne roben\u00e9 gu\u013eky zo zemiakov\u00e9ho cesta plnen\u00e9 jahodou, pod\u00e1van\u00e9 s opra\u017eenou str\u00fahankou na masle 5ks Read More...\" \/>\n<meta property=\"og:url\" content=\"https:\/\/slovenskejedlo.sk\/?product=nase-domace-rucne-robene-jahodove-gulky\" \/>\n<meta property=\"og:site_name\" content=\"Bratislavsk\u00e1 re\u0161taur\u00e1cia\" \/>\n<meta property=\"article:modified_time\" content=\"2023-06-01T11:45:43+00:00\" \/>\n<meta property=\"og:image\" content=\"https:\/\/slovenskejedlo.sk\/wp-content\/uploads\/2021\/03\/jahodove\u0301.jpg\" \/>\n\t<meta property=\"og:image:width\" content=\"960\" \/>\n\t<meta property=\"og:image:height\" content=\"640\" \/>\n<meta name=\"twitter:card\" content=\"summary_large_image\" \/>\n<script type=\"application\/ld+json\" class=\"yoast-schema-graph\">{\"@context\":\"https:\/\/schema.org\",\"@graph\":[{\"@type\":\"WebSite\",\"@id\":\"https:\/\/slovenskejedlo.sk\/#website\",\"url\":\"https:\/\/slovenskejedlo.sk\/\",\"name\":\"Bratislavsk\\u00e1 re\\u0161taur\\u00e1cia\",\"description\":\"Nie je iba pub, je to in\\u0161tit\\u00facia\",\"potentialAction\":[{\"@type\":\"SearchAction\",\"target\":\"https:\/\/slovenskejedlo.sk\/?s={search_term_string}\",\"query-input\":\"required name=search_term_string\"}],\"inLanguage\":\"sk-SK\"},{\"@type\":\"ImageObject\",\"@id\":\"https:\/\/slovenskejedlo.sk\/?product=nase-domace-rucne-robene-jahodove-gulky#primaryimage\",\"inLanguage\":\"sk-SK\",\"url\":\"https:\/\/slovenskejedlo.sk\/wp-content\/uploads\/2021\/03\/jahodove\\u0301.jpg\",\"width\":960,\"height\":640},{\"@type\":\"WebPage\",\"@id\":\"https:\/\/slovenskejedlo.sk\/?product=nase-domace-rucne-robene-jahodove-gulky#webpage\",\"url\":\"https:\/\/slovenskejedlo.sk\/?product=nase-domace-rucne-robene-jahodove-gulky\",\"name\":\"Na\\u0161e dom\\u00e1ce ru\\u010dne roben\\u00e9 jahodov\\u00e9 gu\\u013eky 5ks - Bratislavsk\\u00e1 re\\u0161taur\\u00e1cia\",\"isPartOf\":{\"@id\":\"https:\/\/slovenskejedlo.sk\/#website\"},\"primaryImageOfPage\":{\"@id\":\"https:\/\/slovenskejedlo.sk\/?product=nase-domace-rucne-robene-jahodove-gulky#primaryimage\"},\"datePublished\":\"2021-03-03T22:35:08+00:00\",\"dateModified\":\"2023-06-01T11:45:43+00:00\",\"breadcrumb\":{\"@id\":\"https:\/\/slovenskejedlo.sk\/?product=nase-domace-rucne-robene-jahodove-gulky#breadcrumb\"},\"inLanguage\":\"sk-SK\",\"potentialAction\":[{\"@type\":\"ReadAction\",\"target\":[\"https:\/\/slovenskejedlo.sk\/?product=nase-domace-rucne-robene-jahodove-gulky\"]}]},{\"@type\":\"BreadcrumbList\",\"@id\":\"https:\/\/slovenskejedlo.sk\/?product=nase-domace-rucne-robene-jahodove-gulky#breadcrumb\",\"itemListElement\":[{\"@type\":\"ListItem\",\"position\":1,\"item\":{\"@type\":\"WebPage\",\"@id\":\"https:\/\/slovenskejedlo.sk\/\",\"url\":\"https:\/\/slovenskejedlo.sk\/\",\"name\":\"Domovsk\\u00e1 str\\u00e1nka\"}},{\"@type\":\"ListItem\",\"position\":2,\"item\":{\"@type\":\"WebPage\",\"@id\":\"https:\/\/slovenskejedlo.sk\/?page_id=7\",\"url\":\"https:\/\/slovenskejedlo.sk\/?page_id=7\",\"name\":\"Jedl\\u00e1\"}},{\"@type\":\"ListItem\",\"position\":3,\"item\":{\"@type\":\"WebPage\",\"@id\":\"https:\/\/slovenskejedlo.sk\/?product=nase-domace-rucne-robene-jahodove-gulky\",\"url\":\"https:\/\/slovenskejedlo.sk\/?product=nase-domace-rucne-robene-jahodove-gulky\",\"name\":\"Na\\u0161e dom\\u00e1ce ru\\u010dne roben\\u00e9 jahodov\\u00e9 gu\\u013eky 5ks\"}}]}]}<\/script>\n<!-- \/ Yoast SEO plugin. -->","_links":{"self":[{"href":"https:\/\/slovenskejedlo.sk\/index.php?rest_route=\/wp\/v2\/product\/391"}],"collection":[{"href":"https:\/\/slovenskejedlo.sk\/index.php?rest_route=\/wp\/v2\/product"}],"about":[{"href":"https:\/\/slovenskejedlo.sk\/index.php?rest_route=\/wp\/v2\/types\/product"}],"version-history":[{"count":2,"href":"https:\/\/slovenskejedlo.sk\/index.php?rest_route=\/wp\/v2\/product\/391\/revisions"}],"predecessor-version":[{"id":603,"href":"https:\/\/slovenskejedlo.sk\/index.php?rest_route=\/wp\/v2\/product\/391\/revisions\/603"}],"wp:featuredmedia":[{"embeddable":true,"href":"https:\/\/slovenskejedlo.sk\/index.php?rest_route=\/wp\/v2\/media\/602"}],"wp:attachment":[{"href":"https:\/\/slovenskejedlo.sk\/index.php?rest_route=%2Fwp%2Fv2%2Fmedia&parent=391"}],"curies":[{"name":"wp","href":"https:\/\/api.w.org\/{rel}","templated":true}]}}