{"id":403,"date":"2021-11-26T07:22:57","date_gmt":"2021-11-26T06:22:57","guid":{"rendered":"https:\/\/restaurantshop.eazy.sk\/?post_type=product&#038;p=403"},"modified":"2023-06-01T13:44:34","modified_gmt":"2023-06-01T11:44:34","slug":"zemiakove-gulky-plnene-masom","status":"publish","type":"product","link":"https:\/\/slovenskejedlo.sk\/?product=zemiakove-gulky-plnene-masom","title":{"rendered":"Dom\u00e1ce zemiakov\u00e9 gu\u013eky plnen\u00e9 m\u00e4som na kapuste 2ks"},"content":{"rendered":"<p class=\"p1\"><span class=\"s1\">Na\u0161e dom\u00e1ce ru\u010dne roben\u00e9 zemiakov\u00e9 gu\u013eky pln\u00edme \u00faden\u00fdm m\u00e4skom a pod\u00e1vame na dusenej kapuste s kyslou smotanou a viedenskou cibu\u013ekou 2ks\/350g<\/span><\/p>\n","protected":false},"excerpt":{"rendered":"<p>Na\u0161e dom\u00e1ce ru\u010dne roben\u00e9 zemiakov\u00e9 gu\u013eky pln\u00edme \u00faden\u00fdm m\u00e4skom a pod\u00e1vame na dusenej kapuste s kyslou smotanou a viedenskou cibu\u013ekou 2ks\/350g <\/p>\n<p><a class=\"btn btn-primary foodo-read-more-link\" href=\"https:\/\/slovenskejedlo.sk\/?product=zemiakove-gulky-plnene-masom\">Read More&#8230;<\/a><\/p>\n","protected":false},"featured_media":593,"template":"","meta":[],"yoast_head":"<!-- This site is optimized with the Yoast SEO plugin v16.0.2 - https:\/\/yoast.com\/wordpress\/plugins\/seo\/ -->\n<title>Dom\u00e1ce zemiakov\u00e9 gu\u013eky plnen\u00e9 m\u00e4som na kapuste 2ks - Bratislavsk\u00e1 re\u0161taur\u00e1cia<\/title>\n<link rel=\"canonical\" href=\"https:\/\/slovenskejedlo.sk\/?product=zemiakove-gulky-plnene-masom\" \/>\n<meta property=\"og:locale\" content=\"sk_SK\" \/>\n<meta property=\"og:type\" content=\"article\" \/>\n<meta property=\"og:title\" content=\"Dom\u00e1ce zemiakov\u00e9 gu\u013eky plnen\u00e9 m\u00e4som na kapuste 2ks - Bratislavsk\u00e1 re\u0161taur\u00e1cia\" \/>\n<meta property=\"og:description\" content=\"Na\u0161e dom\u00e1ce ru\u010dne roben\u00e9 zemiakov\u00e9 gu\u013eky pln\u00edme \u00faden\u00fdm m\u00e4skom a pod\u00e1vame na dusenej kapuste s kyslou smotanou a viedenskou cibu\u013ekou 2ks\/350g Read More...\" \/>\n<meta property=\"og:url\" content=\"https:\/\/slovenskejedlo.sk\/?product=zemiakove-gulky-plnene-masom\" \/>\n<meta property=\"og:site_name\" content=\"Bratislavsk\u00e1 re\u0161taur\u00e1cia\" \/>\n<meta property=\"article:modified_time\" content=\"2023-06-01T11:44:34+00:00\" \/>\n<meta property=\"og:image\" content=\"https:\/\/slovenskejedlo.sk\/wp-content\/uploads\/2021\/03\/zem.-gul\u030cky-plnene\u0301-ma\u0308som-scaled.jpg\" \/>\n\t<meta property=\"og:image:width\" content=\"2560\" \/>\n\t<meta property=\"og:image:height\" content=\"1707\" \/>\n<meta name=\"twitter:card\" content=\"summary_large_image\" \/>\n<script type=\"application\/ld+json\" class=\"yoast-schema-graph\">{\"@context\":\"https:\/\/schema.org\",\"@graph\":[{\"@type\":\"WebSite\",\"@id\":\"https:\/\/slovenskejedlo.sk\/#website\",\"url\":\"https:\/\/slovenskejedlo.sk\/\",\"name\":\"Bratislavsk\\u00e1 re\\u0161taur\\u00e1cia\",\"description\":\"Nie je iba pub, je to in\\u0161tit\\u00facia\",\"potentialAction\":[{\"@type\":\"SearchAction\",\"target\":\"https:\/\/slovenskejedlo.sk\/?s={search_term_string}\",\"query-input\":\"required name=search_term_string\"}],\"inLanguage\":\"sk-SK\"},{\"@type\":\"ImageObject\",\"@id\":\"https:\/\/slovenskejedlo.sk\/?product=zemiakove-gulky-plnene-masom#primaryimage\",\"inLanguage\":\"sk-SK\",\"url\":\"https:\/\/slovenskejedlo.sk\/wp-content\/uploads\/2021\/03\/zem.-gul\\u030cky-plnene\\u0301-ma\\u0308som-scaled.jpg\",\"width\":2560,\"height\":1707},{\"@type\":\"WebPage\",\"@id\":\"https:\/\/slovenskejedlo.sk\/?product=zemiakove-gulky-plnene-masom#webpage\",\"url\":\"https:\/\/slovenskejedlo.sk\/?product=zemiakove-gulky-plnene-masom\",\"name\":\"Dom\\u00e1ce zemiakov\\u00e9 gu\\u013eky plnen\\u00e9 m\\u00e4som na kapuste 2ks - Bratislavsk\\u00e1 re\\u0161taur\\u00e1cia\",\"isPartOf\":{\"@id\":\"https:\/\/slovenskejedlo.sk\/#website\"},\"primaryImageOfPage\":{\"@id\":\"https:\/\/slovenskejedlo.sk\/?product=zemiakove-gulky-plnene-masom#primaryimage\"},\"datePublished\":\"2021-11-26T06:22:57+00:00\",\"dateModified\":\"2023-06-01T11:44:34+00:00\",\"breadcrumb\":{\"@id\":\"https:\/\/slovenskejedlo.sk\/?product=zemiakove-gulky-plnene-masom#breadcrumb\"},\"inLanguage\":\"sk-SK\",\"potentialAction\":[{\"@type\":\"ReadAction\",\"target\":[\"https:\/\/slovenskejedlo.sk\/?product=zemiakove-gulky-plnene-masom\"]}]},{\"@type\":\"BreadcrumbList\",\"@id\":\"https:\/\/slovenskejedlo.sk\/?product=zemiakove-gulky-plnene-masom#breadcrumb\",\"itemListElement\":[{\"@type\":\"ListItem\",\"position\":1,\"item\":{\"@type\":\"WebPage\",\"@id\":\"https:\/\/slovenskejedlo.sk\/\",\"url\":\"https:\/\/slovenskejedlo.sk\/\",\"name\":\"Domovsk\\u00e1 str\\u00e1nka\"}},{\"@type\":\"ListItem\",\"position\":2,\"item\":{\"@type\":\"WebPage\",\"@id\":\"https:\/\/slovenskejedlo.sk\/?page_id=7\",\"url\":\"https:\/\/slovenskejedlo.sk\/?page_id=7\",\"name\":\"Jedl\\u00e1\"}},{\"@type\":\"ListItem\",\"position\":3,\"item\":{\"@type\":\"WebPage\",\"@id\":\"https:\/\/slovenskejedlo.sk\/?product=zemiakove-gulky-plnene-masom\",\"url\":\"https:\/\/slovenskejedlo.sk\/?product=zemiakove-gulky-plnene-masom\",\"name\":\"Dom\\u00e1ce zemiakov\\u00e9 gu\\u013eky plnen\\u00e9 m\\u00e4som na kapuste 2ks\"}}]}]}<\/script>\n<!-- \/ Yoast SEO plugin. -->","_links":{"self":[{"href":"https:\/\/slovenskejedlo.sk\/index.php?rest_route=\/wp\/v2\/product\/403"}],"collection":[{"href":"https:\/\/slovenskejedlo.sk\/index.php?rest_route=\/wp\/v2\/product"}],"about":[{"href":"https:\/\/slovenskejedlo.sk\/index.php?rest_route=\/wp\/v2\/types\/product"}],"version-history":[{"count":5,"href":"https:\/\/slovenskejedlo.sk\/index.php?rest_route=\/wp\/v2\/product\/403\/revisions"}],"predecessor-version":[{"id":608,"href":"https:\/\/slovenskejedlo.sk\/index.php?rest_route=\/wp\/v2\/product\/403\/revisions\/608"}],"wp:featuredmedia":[{"embeddable":true,"href":"https:\/\/slovenskejedlo.sk\/index.php?rest_route=\/wp\/v2\/media\/593"}],"wp:attachment":[{"href":"https:\/\/slovenskejedlo.sk\/index.php?rest_route=%2Fwp%2Fv2%2Fmedia&parent=403"}],"curies":[{"name":"wp","href":"https:\/\/api.w.org\/{rel}","templated":true}]}}