{"id":616,"date":"2021-11-26T07:25:55","date_gmt":"2021-11-26T06:25:55","guid":{"rendered":"https:\/\/slovenskejedlo.sk\/?post_type=product&#038;p=616"},"modified":"2023-06-01T13:44:33","modified_gmt":"2023-06-01T11:44:33","slug":"domace-bryndzove-pirohy-so-slaninou-a-koprom-5ks","status":"publish","type":"product","link":"https:\/\/slovenskejedlo.sk\/?product=domace-bryndzove-pirohy-so-slaninou-a-koprom-5ks","title":{"rendered":"Dom\u00e1ce bryndzov\u00e9 pirohy so slaninou a k\u00f4prom 5ks"},"content":{"rendered":"<p class=\"p1\"><span class=\"s1\">Na\u0161e dom\u00e1ce ru\u010dne roben\u00e9 bryndzov\u00e9 pirohy plnen\u00e9 bryndzou, pod\u00e1van\u00e9 so smotanou, bryndzou, posypan\u00e9 na drobno nakr\u00e1janou opra\u017eenou slaninkou a k\u00f4prom<\/span> 5ks<\/p>\n","protected":false},"excerpt":{"rendered":"<p>Na\u0161e dom\u00e1ce ru\u010dne roben\u00e9 bryndzov\u00e9 pirohy plnen\u00e9 bryndzou, pod\u00e1van\u00e9 so smotanou, bryndzou, posypan\u00e9 na drobno nakr\u00e1janou opra\u017eenou slaninkou a k\u00f4prom 5ks <\/p>\n<p><a class=\"btn btn-primary foodo-read-more-link\" href=\"https:\/\/slovenskejedlo.sk\/?product=domace-bryndzove-pirohy-so-slaninou-a-koprom-5ks\">Read More&#8230;<\/a><\/p>\n","protected":false},"featured_media":662,"template":"","meta":[],"yoast_head":"<!-- This site is optimized with the Yoast SEO plugin v16.0.2 - https:\/\/yoast.com\/wordpress\/plugins\/seo\/ -->\n<title>Dom\u00e1ce bryndzov\u00e9 pirohy so slaninou a k\u00f4prom 5ks - Bratislavsk\u00e1 re\u0161taur\u00e1cia<\/title>\n<link rel=\"canonical\" href=\"https:\/\/slovenskejedlo.sk\/?product=domace-bryndzove-pirohy-so-slaninou-a-koprom-5ks\" \/>\n<meta property=\"og:locale\" content=\"sk_SK\" \/>\n<meta property=\"og:type\" content=\"article\" \/>\n<meta property=\"og:title\" content=\"Dom\u00e1ce bryndzov\u00e9 pirohy so slaninou a k\u00f4prom 5ks - Bratislavsk\u00e1 re\u0161taur\u00e1cia\" \/>\n<meta property=\"og:description\" content=\"Na\u0161e dom\u00e1ce ru\u010dne roben\u00e9 bryndzov\u00e9 pirohy plnen\u00e9 bryndzou, pod\u00e1van\u00e9 so smotanou, bryndzou, posypan\u00e9 na drobno nakr\u00e1janou opra\u017eenou slaninkou a k\u00f4prom 5ks Read More...\" \/>\n<meta property=\"og:url\" content=\"https:\/\/slovenskejedlo.sk\/?product=domace-bryndzove-pirohy-so-slaninou-a-koprom-5ks\" \/>\n<meta property=\"og:site_name\" content=\"Bratislavsk\u00e1 re\u0161taur\u00e1cia\" \/>\n<meta property=\"article:modified_time\" content=\"2023-06-01T11:44:33+00:00\" \/>\n<meta property=\"og:image\" content=\"https:\/\/slovenskejedlo.sk\/wp-content\/uploads\/2021\/03\/brzndyove\u0301-pirohy.jpg\" \/>\n\t<meta property=\"og:image:width\" content=\"960\" \/>\n\t<meta property=\"og:image:height\" content=\"640\" \/>\n<meta name=\"twitter:card\" content=\"summary_large_image\" \/>\n<script type=\"application\/ld+json\" class=\"yoast-schema-graph\">{\"@context\":\"https:\/\/schema.org\",\"@graph\":[{\"@type\":\"WebSite\",\"@id\":\"https:\/\/slovenskejedlo.sk\/#website\",\"url\":\"https:\/\/slovenskejedlo.sk\/\",\"name\":\"Bratislavsk\\u00e1 re\\u0161taur\\u00e1cia\",\"description\":\"Nie je iba pub, je to in\\u0161tit\\u00facia\",\"potentialAction\":[{\"@type\":\"SearchAction\",\"target\":\"https:\/\/slovenskejedlo.sk\/?s={search_term_string}\",\"query-input\":\"required name=search_term_string\"}],\"inLanguage\":\"sk-SK\"},{\"@type\":\"ImageObject\",\"@id\":\"https:\/\/slovenskejedlo.sk\/?product=domace-bryndzove-pirohy-so-slaninou-a-koprom-5ks#primaryimage\",\"inLanguage\":\"sk-SK\",\"url\":\"https:\/\/slovenskejedlo.sk\/wp-content\/uploads\/2021\/03\/brzndyove\\u0301-pirohy.jpg\",\"width\":960,\"height\":640},{\"@type\":\"WebPage\",\"@id\":\"https:\/\/slovenskejedlo.sk\/?product=domace-bryndzove-pirohy-so-slaninou-a-koprom-5ks#webpage\",\"url\":\"https:\/\/slovenskejedlo.sk\/?product=domace-bryndzove-pirohy-so-slaninou-a-koprom-5ks\",\"name\":\"Dom\\u00e1ce bryndzov\\u00e9 pirohy so slaninou a k\\u00f4prom 5ks - Bratislavsk\\u00e1 re\\u0161taur\\u00e1cia\",\"isPartOf\":{\"@id\":\"https:\/\/slovenskejedlo.sk\/#website\"},\"primaryImageOfPage\":{\"@id\":\"https:\/\/slovenskejedlo.sk\/?product=domace-bryndzove-pirohy-so-slaninou-a-koprom-5ks#primaryimage\"},\"datePublished\":\"2021-11-26T06:25:55+00:00\",\"dateModified\":\"2023-06-01T11:44:33+00:00\",\"breadcrumb\":{\"@id\":\"https:\/\/slovenskejedlo.sk\/?product=domace-bryndzove-pirohy-so-slaninou-a-koprom-5ks#breadcrumb\"},\"inLanguage\":\"sk-SK\",\"potentialAction\":[{\"@type\":\"ReadAction\",\"target\":[\"https:\/\/slovenskejedlo.sk\/?product=domace-bryndzove-pirohy-so-slaninou-a-koprom-5ks\"]}]},{\"@type\":\"BreadcrumbList\",\"@id\":\"https:\/\/slovenskejedlo.sk\/?product=domace-bryndzove-pirohy-so-slaninou-a-koprom-5ks#breadcrumb\",\"itemListElement\":[{\"@type\":\"ListItem\",\"position\":1,\"item\":{\"@type\":\"WebPage\",\"@id\":\"https:\/\/slovenskejedlo.sk\/\",\"url\":\"https:\/\/slovenskejedlo.sk\/\",\"name\":\"Domovsk\\u00e1 str\\u00e1nka\"}},{\"@type\":\"ListItem\",\"position\":2,\"item\":{\"@type\":\"WebPage\",\"@id\":\"https:\/\/slovenskejedlo.sk\/?page_id=7\",\"url\":\"https:\/\/slovenskejedlo.sk\/?page_id=7\",\"name\":\"Jedl\\u00e1\"}},{\"@type\":\"ListItem\",\"position\":3,\"item\":{\"@type\":\"WebPage\",\"@id\":\"https:\/\/slovenskejedlo.sk\/?product=domace-bryndzove-pirohy-so-slaninou-a-koprom-5ks\",\"url\":\"https:\/\/slovenskejedlo.sk\/?product=domace-bryndzove-pirohy-so-slaninou-a-koprom-5ks\",\"name\":\"Dom\\u00e1ce bryndzov\\u00e9 pirohy so slaninou a k\\u00f4prom 5ks\"}}]}]}<\/script>\n<!-- \/ Yoast SEO plugin. -->","_links":{"self":[{"href":"https:\/\/slovenskejedlo.sk\/index.php?rest_route=\/wp\/v2\/product\/616"}],"collection":[{"href":"https:\/\/slovenskejedlo.sk\/index.php?rest_route=\/wp\/v2\/product"}],"about":[{"href":"https:\/\/slovenskejedlo.sk\/index.php?rest_route=\/wp\/v2\/types\/product"}],"version-history":[{"count":1,"href":"https:\/\/slovenskejedlo.sk\/index.php?rest_route=\/wp\/v2\/product\/616\/revisions"}],"predecessor-version":[{"id":617,"href":"https:\/\/slovenskejedlo.sk\/index.php?rest_route=\/wp\/v2\/product\/616\/revisions\/617"}],"wp:featuredmedia":[{"embeddable":true,"href":"https:\/\/slovenskejedlo.sk\/index.php?rest_route=\/wp\/v2\/media\/662"}],"wp:attachment":[{"href":"https:\/\/slovenskejedlo.sk\/index.php?rest_route=%2Fwp%2Fv2%2Fmedia&parent=616"}],"curies":[{"name":"wp","href":"https:\/\/api.w.org\/{rel}","templated":true}]}}