{"id":740,"date":"2021-11-26T07:15:04","date_gmt":"2021-11-26T06:15:04","guid":{"rendered":"https:\/\/slovenskejedlo.sk\/?post_type=product&#038;p=740"},"modified":"2023-06-01T13:45:09","modified_gmt":"2023-06-01T11:45:09","slug":"pecene-bravcove-koleno","status":"publish","type":"product","link":"https:\/\/slovenskejedlo.sk\/?product=pecene-bravcove-koleno","title":{"rendered":"Pe\u010den\u00e9 brav\u010dov\u00e9 koleno"},"content":{"rendered":"<p>Pomaly pe\u010den\u00e9 brav\u010dov\u00e9 koleno s kyslou oblohou, chlieb 1300g<\/p>\n","protected":false},"excerpt":{"rendered":"<p>Pomaly pe\u010den\u00e9 brav\u010dov\u00e9 koleno s kyslou oblohou, chlieb 1300g <\/p>\n<p><a class=\"btn btn-primary foodo-read-more-link\" href=\"https:\/\/slovenskejedlo.sk\/?product=pecene-bravcove-koleno\">Read More&#8230;<\/a><\/p>\n","protected":false},"featured_media":741,"template":"","meta":[],"yoast_head":"<!-- This site is optimized with the Yoast SEO plugin v16.0.2 - https:\/\/yoast.com\/wordpress\/plugins\/seo\/ -->\n<title>Pe\u010den\u00e9 brav\u010dov\u00e9 koleno - Bratislavsk\u00e1 re\u0161taur\u00e1cia<\/title>\n<link rel=\"canonical\" href=\"https:\/\/slovenskejedlo.sk\/?product=pecene-bravcove-koleno\" \/>\n<meta property=\"og:locale\" content=\"sk_SK\" \/>\n<meta property=\"og:type\" content=\"article\" \/>\n<meta property=\"og:title\" content=\"Pe\u010den\u00e9 brav\u010dov\u00e9 koleno - Bratislavsk\u00e1 re\u0161taur\u00e1cia\" \/>\n<meta property=\"og:description\" content=\"Pomaly pe\u010den\u00e9 brav\u010dov\u00e9 koleno s kyslou oblohou, chlieb 1300g Read More...\" \/>\n<meta property=\"og:url\" content=\"https:\/\/slovenskejedlo.sk\/?product=pecene-bravcove-koleno\" \/>\n<meta property=\"og:site_name\" content=\"Bratislavsk\u00e1 re\u0161taur\u00e1cia\" \/>\n<meta property=\"article:modified_time\" content=\"2023-06-01T11:45:09+00:00\" \/>\n<meta property=\"og:image\" content=\"https:\/\/slovenskejedlo.sk\/wp-content\/uploads\/2021\/03\/pecene-koleno-s-prilohou.jpg\" \/>\n\t<meta property=\"og:image:width\" content=\"1440\" \/>\n\t<meta property=\"og:image:height\" content=\"810\" \/>\n<meta name=\"twitter:card\" content=\"summary_large_image\" \/>\n<meta name=\"twitter:label1\" content=\"Predpokladan\u00fd \u010das \u010d\u00edtania\">\n\t<meta name=\"twitter:data1\" content=\"1 min\u00fata\">\n<script type=\"application\/ld+json\" class=\"yoast-schema-graph\">{\"@context\":\"https:\/\/schema.org\",\"@graph\":[{\"@type\":\"WebSite\",\"@id\":\"https:\/\/slovenskejedlo.sk\/#website\",\"url\":\"https:\/\/slovenskejedlo.sk\/\",\"name\":\"Bratislavsk\\u00e1 re\\u0161taur\\u00e1cia\",\"description\":\"Nie je iba pub, je to in\\u0161tit\\u00facia\",\"potentialAction\":[{\"@type\":\"SearchAction\",\"target\":\"https:\/\/slovenskejedlo.sk\/?s={search_term_string}\",\"query-input\":\"required name=search_term_string\"}],\"inLanguage\":\"sk-SK\"},{\"@type\":\"ImageObject\",\"@id\":\"https:\/\/slovenskejedlo.sk\/?product=pecene-bravcove-koleno#primaryimage\",\"inLanguage\":\"sk-SK\",\"url\":\"https:\/\/slovenskejedlo.sk\/wp-content\/uploads\/2021\/03\/pecene-koleno-s-prilohou.jpg\",\"width\":1440,\"height\":810},{\"@type\":\"WebPage\",\"@id\":\"https:\/\/slovenskejedlo.sk\/?product=pecene-bravcove-koleno#webpage\",\"url\":\"https:\/\/slovenskejedlo.sk\/?product=pecene-bravcove-koleno\",\"name\":\"Pe\\u010den\\u00e9 brav\\u010dov\\u00e9 koleno - Bratislavsk\\u00e1 re\\u0161taur\\u00e1cia\",\"isPartOf\":{\"@id\":\"https:\/\/slovenskejedlo.sk\/#website\"},\"primaryImageOfPage\":{\"@id\":\"https:\/\/slovenskejedlo.sk\/?product=pecene-bravcove-koleno#primaryimage\"},\"datePublished\":\"2021-11-26T06:15:04+00:00\",\"dateModified\":\"2023-06-01T11:45:09+00:00\",\"breadcrumb\":{\"@id\":\"https:\/\/slovenskejedlo.sk\/?product=pecene-bravcove-koleno#breadcrumb\"},\"inLanguage\":\"sk-SK\",\"potentialAction\":[{\"@type\":\"ReadAction\",\"target\":[\"https:\/\/slovenskejedlo.sk\/?product=pecene-bravcove-koleno\"]}]},{\"@type\":\"BreadcrumbList\",\"@id\":\"https:\/\/slovenskejedlo.sk\/?product=pecene-bravcove-koleno#breadcrumb\",\"itemListElement\":[{\"@type\":\"ListItem\",\"position\":1,\"item\":{\"@type\":\"WebPage\",\"@id\":\"https:\/\/slovenskejedlo.sk\/\",\"url\":\"https:\/\/slovenskejedlo.sk\/\",\"name\":\"Domovsk\\u00e1 str\\u00e1nka\"}},{\"@type\":\"ListItem\",\"position\":2,\"item\":{\"@type\":\"WebPage\",\"@id\":\"https:\/\/slovenskejedlo.sk\/?page_id=7\",\"url\":\"https:\/\/slovenskejedlo.sk\/?page_id=7\",\"name\":\"Jedl\\u00e1\"}},{\"@type\":\"ListItem\",\"position\":3,\"item\":{\"@type\":\"WebPage\",\"@id\":\"https:\/\/slovenskejedlo.sk\/?product=pecene-bravcove-koleno\",\"url\":\"https:\/\/slovenskejedlo.sk\/?product=pecene-bravcove-koleno\",\"name\":\"Pe\\u010den\\u00e9 brav\\u010dov\\u00e9 koleno\"}}]}]}<\/script>\n<!-- \/ Yoast SEO plugin. -->","_links":{"self":[{"href":"https:\/\/slovenskejedlo.sk\/index.php?rest_route=\/wp\/v2\/product\/740"}],"collection":[{"href":"https:\/\/slovenskejedlo.sk\/index.php?rest_route=\/wp\/v2\/product"}],"about":[{"href":"https:\/\/slovenskejedlo.sk\/index.php?rest_route=\/wp\/v2\/types\/product"}],"version-history":[{"count":1,"href":"https:\/\/slovenskejedlo.sk\/index.php?rest_route=\/wp\/v2\/product\/740\/revisions"}],"predecessor-version":[{"id":742,"href":"https:\/\/slovenskejedlo.sk\/index.php?rest_route=\/wp\/v2\/product\/740\/revisions\/742"}],"wp:featuredmedia":[{"embeddable":true,"href":"https:\/\/slovenskejedlo.sk\/index.php?rest_route=\/wp\/v2\/media\/741"}],"wp:attachment":[{"href":"https:\/\/slovenskejedlo.sk\/index.php?rest_route=%2Fwp%2Fv2%2Fmedia&parent=740"}],"curies":[{"name":"wp","href":"https:\/\/api.w.org\/{rel}","templated":true}]}}